{"id":3,"date":"2024-03-31T03:06:53","date_gmt":"2024-03-31T01:06:53","guid":{"rendered":"https:\/\/radioguerrerosonline.com\/?page_id=3"},"modified":"2024-09-21T21:29:34","modified_gmt":"2024-09-22T03:29:34","slug":"politica-privacidad","status":"publish","type":"page","link":"https:\/\/radioguerrerosonline.com\/index.php\/politica-privacidad\/","title":{"rendered":"Aviso de privacidad"},"content":{"rendered":"\n<h2 class=\"wp-block-heading\">Radio Guerreros Online, S.A. de C.V.<\/h2>\n\n\n\n<p>En cumplimiento con la Ley Federal de Protecci\u00f3n de Datos Personales en Posesi\u00f3n de los Particulares (en adelante la \u201cLey\u201d), su reglamento y lineamientos del Aviso de Privacidad, se le informa lo siguiente:<\/p>\n\n\n\n<p><strong>IDENTIDAD DEL RESPONSABLE<\/strong><\/p>\n\n\n\n<p>Radio Guerreros Online, S.A. de C.V. con domicilio en Aztecas S\/N, Colonia La Joya, Zinacantepec, Estado de M\u00e9xico, es responsable del tratamiento de sus datos personales y de la informaci\u00f3n que recaba de los titulares. Dicha informaci\u00f3n es tratada de forma confidencial y para los fines que establece el presente Aviso de Privacidad.<\/p>\n\n\n\n<p>Este Aviso de Privacidad corresponde a los siguientes medios:<br>Radio Guerreros Online: https:\/\/radioguerrerosonline.com.<\/p>\n\n\n\n<h2 class=\"wp-block-heading\">Objeto del Aviso de Privacidad<\/h2>\n\n\n\n<p>El prop\u00f3sito del presente Aviso de Privacidad es \u00fanicamente el de informar a los titulares de los datos personales las caracter\u00edsticas principales del tratamiento al que ser\u00e1 sometida su informaci\u00f3n personal, por lo que no tendr\u00e1 validez para cualquier uso distinto a la protecci\u00f3n de datos personales.<\/p>\n\n\n\n<h2 class=\"wp-block-heading\">Datos que recaba el responsable<\/h2>\n\n\n\n<p>Los datos personales que ser\u00e1n recabados y tratados por Imagen son:<\/p>\n\n\n\n<ul class=\"wp-block-list\">\n<li><strong>Datos de identificaci\u00f3n:<\/strong>\u00a0Nombre completo o raz\u00f3n social, Registro Federal de Contribuyentes (RFC), Clave \u00danica de Registro de Poblaci\u00f3n (CURP), Registro Patronal ante el Instituto Mexicano del Seguro Social, credencial para votar, pasaporte, licencia de conducir o cualquier otra identificaci\u00f3n emitida por alguna instituci\u00f3n oficial, identificaci\u00f3n de la organizaci\u00f3n de procedencia, actas del estado civil, edad, g\u00e9nero, firma aut\u00f3grafa , fotograf\u00eda, fecha y lugar de nacimiento, fecha de cumplea\u00f1os, nacionalidad, domicilio y comprobante de domicilio.<\/li>\n\n\n\n<li><strong>Datos de identificaci\u00f3n en redes sociales:<\/strong>\u00a0Nombre de usuario en Facebook, X, Instagram, LinkedIn y Youtube.<\/li>\n\n\n\n<li><strong>Datos t\u00e9cnicos:<\/strong>\u00a0N\u00famero identificador de la red (Direcci\u00f3n IP) desde la cual realiza la conexi\u00f3n el titular, tipo y versi\u00f3n de navegador web que est\u00e1 utilizando, configuraci\u00f3n de la zona horaria y pa\u00eds, tipos y versiones de los complementos del navegador, sistema operativo y plataforma y otra tecnolog\u00eda de los dispositivos que utiliza para acceder a los sitios web.<\/li>\n\n\n\n<li><strong>Datos de contacto:<\/strong>\u00a0Correo electr\u00f3nico, n\u00famero de tel\u00e9fono de casa y m\u00f3vil.<\/li>\n\n\n\n<li><strong>Datos laborales:<\/strong>\u00a0Ocupaci\u00f3n.<\/li>\n\n\n\n<li><strong>Datos de estancia legal:<\/strong>\u00a0Visa o documento migratorio correspondiente.<\/li>\n\n\n\n<li><strong>Datos patrimoniales:<\/strong>\u00a0Informaci\u00f3n de cuentas bancarias (nombre del banco, sucursal, cuenta y clave bancaria, n\u00famero de tarjeta, mes y a\u00f1o de vencimiento de esta \u00faltima), cuenta Swift, ABBA (en caso de operaciones internacionales) y car\u00e1tula del estado de cuenta bancario.<\/li>\n\n\n\n<li><strong>Datos fiscales:<\/strong>\u00a0Constancia de situaci\u00f3n fiscal y comprobante de domicilio fiscal.<\/li>\n\n\n\n<li><strong>Datos legales:<\/strong>\u00a0Acta constitutiva y poderes notariales.<\/li>\n\n\n\n<li><strong>Datos de im\u00e1genes fotogr\u00e1ficas y videos institucionales.<\/strong><\/li>\n\n\n\n<li><strong>Datos en casos de emergencia.<\/strong>\u00a0Nombre completo, n\u00famero de tel\u00e9fono, v\u00ednculo y domicilio.<\/li>\n<\/ul>\n\n\n\n<p>Adem\u00e1s del nombre completo e identificaci\u00f3n oficial se solicita la siguiente informaci\u00f3n y datos personales, seg\u00fan sea el caso:<\/p>\n\n\n\n<ol style=\"list-style-type:lower-roman\" class=\"wp-block-list\">\n<li><strong>Personal que cuente con tarjet\u00f3n de estacionamiento expedido por Imagen:<\/strong>\u00a0Datos del veh\u00edculo como: placas, marca, submarca, modelo y color.<\/li>\n\n\n\n<li><strong>Prestadores de servicio social y\/o pr\u00e1cticas profesionales:<\/strong>\u00a0\u00c1rea en donde presta el servicio social y\/o pr\u00e1cticas profesionales, nombre del asesor empresarial, hora de entrada y salida.<\/li>\n\n\n\n<li><strong>Prestadores de servicios especializados y proveedores de servicios:<\/strong>\u00a0Fotograf\u00eda, datos personales de identificaci\u00f3n, de contacto y datos en casos de emergencia, hora de entrada y salida, trabajo a realizar y, en su caso, el tipo de equipo o herramienta con la que ingresa. Los datos que se solicitan \u00fanicamente son para el control de acceso a las instalaciones, lo anterior no genera una relaci\u00f3n laboral ni de subordinaci\u00f3n con \u00e9stos.<\/li>\n\n\n\n<li><strong>Visitantes:<\/strong>\u00a0Organizaci\u00f3n o instituci\u00f3n de procedencia, persona a qui\u00e9n visita, hora de entrada y salida, datos del veh\u00edculo tales como: placas, marca, submarca, modelo y color.<\/li>\n<\/ol>\n\n\n\n<p>De manera adicional al personal y cualquier persona que ingrese o salga de las instalaciones con equipo de c\u00f3mputo, materiales o bienes muebles propiedad de Imagen, se les solicita el nombre de la empresa o \u00e1rea a la que pertenece, tipo de equipo, marca, n\u00famero de serie, descripci\u00f3n, cantidad, nombre del jefe inmediato que autoriza la salida y hora de entrada y salida.<\/p>\n\n\n\n<p>Para el personal que no porte la credencial para el acceso y la estancia en las instalaciones, se les solicitar\u00e1 el \u00e1rea en la que laboran, n\u00famero de empleado y motivo por el cual no portan la credencial.<\/p>\n\n\n\n<p>Lo anterior forma parte de las medidas de seguridad adoptadas al interior para identificar, permitir y mantener el control de las entradas y salidas de quienes ingresan a las instalaciones de Imagen a trav\u00e9s del acceso peatonal y\/o vehicular.<\/p>\n\n\n\n<p>El personal de seguridad que se encuentre en el \u00e1rea de recepci\u00f3n no tomar\u00e1 ni registrar\u00e1 datos adicionales a los antes descritos.<\/p>\n\n\n\n<p>Le informamos que los datos personales que se recaben del Titular ser\u00e1n obtenidos \u00fanicamente en forma directa; es decir en forma personal y\/o a trav\u00e9s de los medios electr\u00f3nicos que Imagen ponga a su disposici\u00f3n.<\/p>\n\n\n\n<h2 class=\"wp-block-heading\">Datos personales sensibles<\/h2>\n\n\n\n<p>Radio Guerreros Online recabar\u00e1 y tratar\u00e1 ciertos datos sensibles. Los datos personales sensibles ser\u00e1n aqu\u00e9llos relacionados con g\u00e9nero, informaci\u00f3n de cuentas bancarias, registros y afiliaciones necesarios para cumplir con la relaci\u00f3n entre el titular e Imagen.<\/p>\n\n\n\n<p>Imagen se compromete a que los datos personales sensibles ser\u00e1n tratados con estricta seguridad y confidencialidad.<\/p>\n\n\n\n<p>En caso de que Imagen llegue a requerir datos personales sensibles, los titulares deber\u00e1n proporcionar su consentimiento expreso.<\/p>\n\n\n\n<h2 class=\"wp-block-heading\">Finalidades del tratamiento de datos personales<\/h2>\n\n\n\n<p>Los datos personales en posesi\u00f3n de Imagen ser\u00e1n utilizados para las siguientes finalidades:<\/p>\n\n\n\n<h4 class=\"wp-block-heading\">Finalidades Primarias:<\/h4>\n\n\n\n<ol style=\"list-style-type:upper-roman\" class=\"wp-block-list\">\n<li>Acreditar su identidad y la veracidad de la informaci\u00f3n y documentos que proporcione.<\/li>\n\n\n\n<li>Formalizar una relaci\u00f3n contractual.<\/li>\n\n\n\n<li>Registrar la informaci\u00f3n necesaria en los sistemas internos para dar cumplimiento con la relaci\u00f3n entre Imagen y el titular.<\/li>\n\n\n\n<li>Realizar la facturaci\u00f3n y cobranza correspondiente de los servicios relacionados.<\/li>\n\n\n\n<li>Crear expedientes f\u00edsicos y electr\u00f3nicos.<\/li>\n\n\n\n<li>Proveer un bien o servicio de radiodifusi\u00f3n, televisi\u00f3n, period\u00edstico, informativo, de suscripci\u00f3n y dem\u00e1s servicios informativos relacionados con la actividad del responsable.<\/li>\n\n\n\n<li>Identificar, ubicar, comunicar y contactar al cliente para el env\u00edo y\/o entrega de productos.<\/li>\n\n\n\n<li>Gestionar y controlar el registro de suscripciones.<\/li>\n\n\n\n<li>Acreditar la identidad de los ganadores de productos, obsequios y\/o premios.<\/li>\n\n\n\n<li>Dar cumplimiento a todas las obligaciones y\/o disposiciones legales aplicables a Imagen; as\u00ed como las que se deriven de la relaci\u00f3n entre Imagen y el titular.<\/li>\n<\/ol>\n\n\n\n<h4 class=\"wp-block-heading\">Finalidades secundarias:<\/h4>\n\n\n\n<ol style=\"list-style-type:upper-roman\" class=\"wp-block-list\">\n<li>Brindarle informaci\u00f3n, servicios, productos o eventos, felicitaciones de cumplea\u00f1os, incluyendo el env\u00edo de publicidad y boletines informativos de cualquier medio perteneciente a Imagen, as\u00ed como de promotores y anunciantes relacionados con \u00e9stos y\/o de terceros.<\/li>\n\n\n\n<li>Realizar encuestas para la evaluaci\u00f3n de la calidad de los servicios y an\u00e1lisis interno de los mismos.<\/li>\n\n\n\n<li>Realizar la entrega de productos, obsequios y\/o premios en caso de ser ganador (a) en cualquiera de las din\u00e1micas, promociones, concursos, trivias, y retos difundidos y\/o realizados a trav\u00e9s de cualquier medio perteneciente a Imagen y sus diferentes redes sociales, as\u00ed como, atender dudas, comentarios y sugerencias vinculados con los mismos.<\/li>\n\n\n\n<li>Realizar estudios con fines estad\u00edsticos o de control interno.<\/li>\n\n\n\n<li>Atender comentarios y sugerencias de la audiencia.<\/li>\n\n\n\n<li>Brindar recomendaciones sobre programas, teleseries, noticias, deportes y entretenimiento.<\/li>\n\n\n\n<li>Atender y gestionar las quejas, dudas, solicitudes y reclamaciones relacionadas con el servicio prestado.<\/li>\n\n\n\n<li>Proporcionar informaci\u00f3n en relaci\u00f3n con cualquier medio perteneciente a Imagen como programas de lealtad y eventos especiales.<\/li>\n\n\n\n<li>Grabar llamadas para fines de calidad.<\/li>\n\n\n\n<li>Dar seguimiento a cualquier relaci\u00f3n que se haya generado entre el titular e Imagen.<\/li>\n\n\n\n<li>Realizar a trav\u00e9s de terceros, estudios sobre los intereses y comportamiento de los usuarios para ofrecer un mejor servicio y determinar h\u00e1bitos de consumo.<\/li>\n\n\n\n<li>Promocionar las actividades y servicios que presta Imagen.<\/li>\n<\/ol>\n\n\n\n<p>En caso de no desear que sus datos personales sean tratados para alguna o todas las finalidades secundarias, deber\u00e1 comunicarlo escribiendo al siguiente correo electr\u00f3nico\u00a0<a href=\"mailto:contacto@radioguerrerosonline.com\">contacto@radioguerrerosonline.com<\/a>\u00a0o presentarla por escrito en el siguiente domicilio para o\u00edr y recibir notificaciones en Aztecas S\/N, Colonia La Joya, Zinacantepec, Estado de M\u00e9xico., en d\u00edas h\u00e1biles y en horario de lunes a viernes de 9:30 a 18:00 horas.<\/p>\n\n\n\n<h2 class=\"wp-block-heading\">Exclusi\u00f3n de Responsabilidad<\/h2>\n\n\n\n<p>Los sitios pertenecientes a Imagen, podr\u00edan contener hiperv\u00ednculos o hipertextos \u201clinks\u201d, banners, promociones, tiendas virtuales y botones que al ser utilizados por los usuarios transportan a otros portales o sitios de internet que podr\u00edan ser propiedad de terceros. Los datos personales que los usuarios llegaren a proporcionar a trav\u00e9s de estos portales o sitios de internet no se encuentran contemplados por este Aviso de Privacidad y su tratamiento no es responsabilidad de Imagen, ya que se sujetar\u00e1n a los respectivos Avisos de Privacidad que contengan en cada uno de ellos.<\/p>\n\n\n\n<h2 class=\"wp-block-heading\">Transferencia<\/h2>\n\n\n\n<p>Radio Guerreros Online podr\u00e1 transferir fuera y dentro del pa\u00eds los datos personales de los titulares siempre y cuando cuente con el consentimiento de \u00e9stos, salvo las excepciones previstas en el art\u00edculo 37 de la Ley o cuando dicha transferencia sea necesaria para:<\/p>\n\n\n\n<ul class=\"wp-block-list\">\n<li>Asegurar el cumplimiento de todas las obligaciones y\/o disposiciones legales aplicables a Imagen; as\u00ed como las que se deriven de la relaci\u00f3n entre Imagen y el titular.<\/li>\n\n\n\n<li>Dar cumplimiento a obligaciones regulatorias emitidas por parte de las autoridades competentes.<\/li>\n\n\n\n<li>Atender requerimientos que se deriven de disposiciones aplicables en materia de prevenci\u00f3n de lavado de dinero.<\/li>\n\n\n\n<li>Cuando la transferencia sea necesaria por virtud de un contrato celebrado o por celebrar en inter\u00e9s del responsable con el titular y un tercero.<\/li>\n<\/ul>\n\n\n\n<p>Asimismo, cuando introduce su correo electr\u00f3nico en alguno de nuestros sitios web, ya sea para iniciar sesi\u00f3n y\/o suscribirse a un bolet\u00edn, Imagen crear\u00e1 un identificador \u00fanico que, en conjunto con la direcci\u00f3n IP, informaci\u00f3n sobre su navegador y sistema operativo, ser\u00e1 compartido con nuestros socios de conectividad. Dichos socios utilizar\u00e1n est\u00e1 informaci\u00f3n para crear un c\u00f3digo de identificaci\u00f3n online con el fin de reconocerle en sus dispositivos y administrar sus preferencias en las p\u00e1ginas web de Imagen o en su plataforma por lo que se podr\u00e1 utilizar este c\u00f3digo para vincular informaci\u00f3n demogr\u00e1fica o informaci\u00f3n basada en intereses que el titular ha proporcionado en sus interacciones con ellos. Este c\u00f3digo no contiene datos personales que identifiquen a los titulares de los mismos. El c\u00f3digo se incluye en una cookie de nuestros socios de conectividad para que se utilice para publicidad online y multicanal y pueden compartirlo con nuestros socios publicitarios y otras terceras empresas de publicidad a nivel global exclusivamente con el fin de habilitar contenido basado en sus intereses o publicidad dirigida en su experiencia online.<\/p>\n\n\n\n<h2 class=\"wp-block-heading\">Sitios, Redes Sociales y App<\/h2>\n\n\n\n<p>Radio Guerreros Online podr\u00e1 recabar datos como: nombre, correo electr\u00f3nico, nombre de usuario, fecha de nacimiento, foto de perfil y g\u00e9nero a trav\u00e9s de algunos de sus Sitios Oficiales, dichos datos ser\u00e1n proporcionados de manera voluntaria por los titulares al suscribirse a boletines y\/o al crear un perfil personal en dichos sitios, as\u00ed como en las diferentes APP de Imagen. Si usted decide hacer uso de experiencias personalizadas adicionalmente Imagen podr\u00e1 recabar datos como peso y talla.<\/p>\n\n\n\n<p>Si usted crea una cuenta y\/o inicia sesi\u00f3n a trav\u00e9s de una red social permitir\u00e1 que \u00e9sta nos proporcione sus datos de perfil como: nombre, correo electr\u00f3nico y foto de perfil.<\/p>\n\n\n\n<p>En todo momento, el titular es el responsable \u00fanico y final de mantener en secreto su nombre de usuario o contrase\u00f1a personal con los cuales tenga acceso a los servicios y contenidos de los sitios de Imagen.<\/p>\n\n\n\n<p>La informaci\u00f3n proporcionada dentro de las redes sociales (Facebook, X, Instagram, LinkedIn y Youtube) no forma parte de los datos personales sujetos a la protecci\u00f3n del presente Aviso de Privacidad, por lo que su tratamiento no es responsabilidad de Imagen. Para obtener una descripci\u00f3n sobre c\u00f3mo los servicios de redes sociales y dem\u00e1s plataformas manejan su informaci\u00f3n, consulte sus respectivos Avisos de Privacidad y t\u00e9rminos o condiciones del servicio o uso.<\/p>\n\n\n\n<p>Cualquier informaci\u00f3n que se publique o divulgue a trav\u00e9s de los perfiles de Imagen en las redes sociales pasar\u00e1 a ser informaci\u00f3n p\u00fablica y estar\u00e1 disponible para los visitantes de los mismos y el p\u00fablico en general. En este sentido, se recomienda tener especial cuidado y diligencia a la hora de divulgar informaci\u00f3n personal o de cualquier otro tipo en estos sitios.<\/p>\n\n\n\n<h2 class=\"wp-block-heading\">Tratamiento de im\u00e1genes fotogr\u00e1ficas, audio y\/o video<\/h2>\n\n\n\n<p>Radio Guerreros Online recaba im\u00e1genes en fotograf\u00eda y video de participantes, ponentes y\/o asistentes a seminarios, concursos, talleres, capacitaciones, sesiones, eventos y otros foros que de manera an\u00e1loga se encuentren vinculados con el quehacer institucional; dicho tratamiento no dar\u00e1 derecho a reclamar compensaci\u00f3n econ\u00f3mica alguna por el uso de su imagen y en ning\u00fan momento se lucrar\u00e1 con las mismas. Si no manifiesta su oposici\u00f3n para que se publiquen, se entender\u00e1 que ha otorgado su consentimiento para ello.<\/p>\n\n\n\n<h2 class=\"wp-block-heading\">Videovigilancia<\/h2>\n\n\n\n<p>Le informamos que en nuestras instalaciones contamos con equipo de videovigilancia y que las im\u00e1genes obtenidas del mismo, son monitoreadas solo por personal autorizado; esta informaci\u00f3n permanece en nuestros archivos por un per\u00edodo de hasta 18 d\u00edas, posteriormente se procede a su eliminaci\u00f3n.<\/p>\n\n\n\n<h4 class=\"wp-block-heading\">Finalidades para videovigilancia:<\/h4>\n\n\n\n<ol style=\"list-style-type:upper-roman\" class=\"wp-block-list\">\n<li>Seguridad del espacio videovigilado.<\/li>\n\n\n\n<li>Seguridad y vigilancia de las instalaciones y bienes del responsable.<\/li>\n\n\n\n<li>Seguridad de los colaboradores y de las personas que visitan las instalaciones.<\/li>\n<\/ol>\n\n\n\n<p>Radio Guerreros Online no realizar\u00e1 transferencias de dichas im\u00e1genes, salvo aqu\u00e9llas que sean necesarias para atender requerimientos de informaci\u00f3n de una autoridad competente que est\u00e9n debidamente fundados y motivados.<\/p>\n\n\n\n<h3 class=\"wp-block-heading\">Conservaci\u00f3n de los datos personales<\/h3>\n\n\n\n<p>Los datos personales proporcionados se conservar\u00e1n \u00fanica y exclusivamente durante el tiempo que sea necesario para cumplir con las finalidades declaradas en el presente aviso y mientras no revoque su consentimiento, y\/o no ejerza su derecho de oposici\u00f3n o limitaci\u00f3n del tratamiento; as\u00ed como, durante los plazos establecidos conforme a la normatividad aplicable.<\/p>\n\n\n\n<h3 class=\"wp-block-heading\">Servicios especializados<\/h3>\n\n\n\n<p>Existen casos en los que Radio Guerreros Online contrata servicios especializados que contribuyen a mejorar o facilitar las operaciones tales como valet parking, seguridad, limpieza, servicio m\u00e9dico, protecci\u00f3n civil, entre otros, por lo que Radio Guerreros Online velar\u00e1 porque se cumplan ciertos est\u00e1ndares, mediante la firma de acuerdos o convenios con dichas empresas; se recomienda a los usuarios de esos servicios proceder a la lectura de los Avisos de Privacidad de tales entidades debido a que Imagen no se hace responsable por el uso indebido de los datos personales del usuario.<\/p>\n\n\n\n<p>En caso de que facilite, por iniciativa propia informaci\u00f3n adicional a los prestadores de servicios especializados directamente, dichos prestadores usar\u00e1n est\u00e1 informaci\u00f3n conforme a sus propias pol\u00edticas de privacidad.<\/p>\n\n\n\n<h3 class=\"wp-block-heading\">Medidas para proteger los datos personales<\/h3>\n\n\n\n<p>Radio Guerreros Online con la finalidad de resguardar de la mejor manera posible la informaci\u00f3n recibida, se compromete a tratar los datos personales bajo estrictas medidas de seguridad para garantizar su confidencialidad. Se han establecido est\u00e1ndares de seguridad administrativos, legales y tecnol\u00f3gicos para evitar p\u00e9rdidas de informaci\u00f3n.<\/p>\n\n\n\n<h3 class=\"wp-block-heading\">Medios para ejercer los derechos ARCO (Acceso, Rectificaci\u00f3n, Cancelaci\u00f3n u  Oposici\u00f3n)<\/h3>\n\n\n\n<p>Tiene derecho a conocer qu\u00e9 datos personales tenemos de usted, para qu\u00e9 los utilizamos y las condiciones del uso que les damos (Acceso), asimismo, es su derecho solicitar la correcci\u00f3n de su informaci\u00f3n personal en caso de que est\u00e9 desactualizada, sea inexacta o incompleta (Rectificaci\u00f3n); que la eliminemos de nuestros registros o bases de datos cuando considere que la misma no est\u00e1 siendo utilizada conforme a los principios, deberes y obligaciones previstas en la Ley (Cancelaci\u00f3n); as\u00ed como oponerse al uso de sus datos personales para fines espec\u00edficos (Oposici\u00f3n), estos derechos se conocen como derechos ARCO.<\/p>\n\n\n\n<p>Para el ejercicio de cualquiera de los derechos ARCO, deber\u00e1 comunicarlo escribiendo al siguiente correo electr\u00f3nico\u00a0<a href=\"mailto:contacto@radioguerrerosonline.com\">contacto@radioguerrerosonline.com<\/a>\u00a0o presentarla por escrito en el siguiente domicilio para o\u00edr y recibir notificaciones en Aztecas S\/N, Colonia La Joya, Zinacantepec, Estado de M\u00e9xico., en d\u00edas h\u00e1biles y en horario de lunes a viernes de 9:30 a 18:00 horas.<\/p>\n\n\n\n<p>Al cumplir con todas las formalidades requeridas para dicho tr\u00e1mite se dar\u00e1 respuesta en los t\u00e9rminos se\u00f1alados por la legislaci\u00f3n aplicable.<\/p>\n\n\n\n<h3 class=\"wp-block-heading\">Medios para revocar el consentimiento al tratamiento de sus datos personales<\/h3>\n\n\n\n<p>En todo momento usted podr\u00e1 revocar el consentimiento que nos ha otorgado para el tratamiento de sus datos personales, a fin de que dejemos de hacer uso de los mismos. Para ello es deber\u00e1 comunicarlo escribiendo al siguiente correo electr\u00f3nico\u00a0<a href=\"mailto:contacto@radioguerrerosonline.com\">contacto@radioguerrerosonline.com<\/a>\u00a0o presentarla por escrito en el siguiente domicilio para o\u00edr y recibir notificaciones en Aztecas S\/N, Colonia La Joya, Zinacantepec, Estado de M\u00e9xico., en d\u00edas h\u00e1biles y en horario de lunes a viernes de 9:30 a 18:00 horas.<\/p>\n\n\n\n<p>En cualquier caso, dicha solicitud deber\u00e1 detallar claramente los datos o finalidades respecto de los cuales revoca su consentimiento.<\/p>\n\n\n\n<h3 class=\"wp-block-heading\">Opciones y medios para limitar el uso o divulgaci\u00f3n de sus datos personales<\/h3>\n\n\n\n<p>Los titulares de datos personales tienen el derecho de limitar el uso o divulgaci\u00f3n de los mismos y deber\u00e1n comunicarlo escribiendo al siguiente correo electr\u00f3nico\u00a0<a href=\"mailto:contacto@radioguerrerosonline.com\">contacto@radioguerrerosonline.com<\/a>\u00a0o presentarla por escrito en el siguiente domicilio para o\u00edr y recibir notificaciones en Aztecas S\/N, Colonia La Joya, Zinacantepec, Estado de M\u00e9xico., en d\u00edas h\u00e1biles y en horario de lunes a viernes de 9:30 a 18:00 horas., se\u00f1alando la limitaci\u00f3n deseada al uso de sus datos personales.<\/p>\n\n\n\n<h3 class=\"wp-block-heading\">Uso de cookies, web beacons y\/u otras tecnolog\u00edas similares<\/h3>\n\n\n\n<p>Los sitios oficiales, as\u00ed como las diferentes APP de Imagen utilizan cookies, web beacons y\/u otras tecnolog\u00edas similares, est\u00e1s tecnolog\u00edas tienen como finalidades: mejorar la experiencia de navegaci\u00f3n del usuario en los sitios y\/o APP almacenando sus preferencias en el dispositivo de acceso, mostrar contenido personalizado y publicidad de acuerdo a sus preferencias en sus posteriores visitas, as\u00ed como facilitar a Radio Guerreros Online el an\u00e1lisis de dicha informaci\u00f3n con el objetivo de mejorar nuestros sitios y APP. La informaci\u00f3n que se recaba es an\u00f3nima y puede ser compartida con terceros. Estos datos no incluyen ning\u00fan tipo de informaci\u00f3n que identifique o haga identificable al usuario.<\/p>\n\n\n\n<p>Las cookies y web beacons que utilizamos son:<\/p>\n\n\n\n<ul class=\"wp-block-list\">\n<li>Cookies necesarias: Son indispensables para proporcionar una funcionalidad base. El sitio web no funcionar\u00e1 correctamente sin estas cookies y estas est\u00e1n habilitadas por defecto.<\/li>\n\n\n\n<li>Cookies anal\u00edticas: Nos ayudan a mejorar nuestro sitio web mediante la recopilaci\u00f3n y el reporte de informaci\u00f3n sobre su uso.<\/li>\n\n\n\n<li>Cookies de marketing: Se usan para realizar un seguimiento de los visitantes de los sitios web para permitir que los anunciantes muestren publicidad relevante.<\/li>\n\n\n\n<li>Web beacons: se utilizan para recabar informaci\u00f3n del usuario, como: direcci\u00f3n IP de origen, navegador utilizado, sistema operativo, momento en que se accedi\u00f3 al sitio, y en el caso del correo electr\u00f3nico, la asociaci\u00f3n de los datos obtenidos con el destinatario.<\/li>\n<\/ul>\n\n\n\n<p>El usuario puede optar por que no sean recolectados sus datos. M\u00e1s informaci\u00f3n en\u00a0T\u00e9rminos y Condiciones de Uso\u00a0del sitio.<\/p>\n\n\n\n<h3 class=\"wp-block-heading\">Modificaciones al Aviso de Privacidad<\/h3>\n\n\n\n<p>El presente Aviso de Privacidad puede sufrir modificaciones, cambios o actualizaciones derivadas de nuevos requerimientos legales, de necesidades y pr\u00e1cticas de privacidad propias, de cambios en nuestro modelo o por otras causas.<\/p>\n\n\n\n<p>Radio Guerreros Online se compromete a mantenerlo informado sobre los cambios que pueda sufrir el presente Aviso de Privacidad en esta misma p\u00e1gina.<\/p>\n\n\n\n<p><\/p>\n","protected":false},"excerpt":{"rendered":"<p>Radio Guerreros Online, S.A. de C.V. En cumplimiento con la Ley Federal de Protecci\u00f3n de Datos Personales en Posesi\u00f3n de los Particulares (en adelante la \u201cLey\u201d), su reglamento y lineamientos del Aviso de Privacidad, se le informa lo siguiente: IDENTIDAD DEL RESPONSABLE Radio Guerreros Online, S.A. de C.V. con domicilio en Aztecas S\/N, Colonia La [&hellip;]<\/p>\n","protected":false},"author":1,"featured_media":0,"parent":0,"menu_order":0,"comment_status":"closed","ping_status":"closed","template":"","meta":{"content-type":"","footnotes":""},"class_list":["post-3","page","type-page","status-publish"],"_links":{"self":[{"href":"https:\/\/radioguerrerosonline.com\/index.php\/wp-json\/wp\/v2\/pages\/3","targetHints":{"allow":["GET"]}}],"collection":[{"href":"https:\/\/radioguerrerosonline.com\/index.php\/wp-json\/wp\/v2\/pages"}],"about":[{"href":"https:\/\/radioguerrerosonline.com\/index.php\/wp-json\/wp\/v2\/types\/page"}],"author":[{"embeddable":true,"href":"https:\/\/radioguerrerosonline.com\/index.php\/wp-json\/wp\/v2\/users\/1"}],"replies":[{"embeddable":true,"href":"https:\/\/radioguerrerosonline.com\/index.php\/wp-json\/wp\/v2\/comments?post=3"}],"version-history":[{"count":2,"href":"https:\/\/radioguerrerosonline.com\/index.php\/wp-json\/wp\/v2\/pages\/3\/revisions"}],"predecessor-version":[{"id":2759,"href":"https:\/\/radioguerrerosonline.com\/index.php\/wp-json\/wp\/v2\/pages\/3\/revisions\/2759"}],"wp:attachment":[{"href":"https:\/\/radioguerrerosonline.com\/index.php\/wp-json\/wp\/v2\/media?parent=3"}],"curies":[{"name":"wp","href":"https:\/\/api.w.org\/{rel}","templated":true}]}}